{"id":1726,"date":"2017-06-12T22:05:39","date_gmt":"2017-06-12T20:05:39","guid":{"rendered":"https:\/\/aquatiki.com\/polynesie-francaise\/atoll-de-fakarava\/"},"modified":"2017-08-17T11:56:23","modified_gmt":"2017-08-17T09:56:23","slug":"fakarava-atoll","status":"publish","type":"page","link":"https:\/\/aquatiki.com\/en\/french-polynesia\/fakarava-atoll\/","title":{"rendered":"The Fakarava Atoll"},"content":{"rendered":"<div id='av_section_1'  class='avia-section main_color avia-section-default avia-no-border-styling  avia-full-stretch av-section-color-overlay-active avia-bg-style-scroll  avia-builder-el-0  el_before_av_section  avia-builder-el-first   av-minimum-height av-minimum-height-custom  container_wrap sidebar_right' style='background-repeat: no-repeat; background-image: url(https:\/\/aquatiki.com\/wp-content\/uploads\/2016\/02\/Plongee-croisieres-polynesie-francaise-2.jpg);background-attachment: scroll; background-position: center center;  '  data-section-bg-repeat='stretch'><div class='av-section-color-overlay-wrap'><div class='av-section-color-overlay' style='opacity: 0.2; background-color: #000000; '><\/div><div class='container' style='height:400px'><main  role=\"main\" itemprop=\"mainContentOfPage\"  class='template-page content  av-content-small alpha units'><div class='post-entry post-entry-type-page post-entry-1726'><div class='entry-content-wrapper clearfix'>\n<div  style='padding-bottom:20px; color:#ffffff;font-size:34px;' class='av-special-heading av-special-heading-h1 custom-color-heading blockquote modern-quote modern-centered  avia-builder-el-1  avia-builder-el-no-sibling  av-inherit-size '><h1 class='av-special-heading-tag '  itemprop=\"headline\"  >Discover Fakarava atoll on a cruise<\/h1><div class='special-heading-border'><div class='special-heading-inner-border' style='border-color:#ffffff'><\/div><\/div><\/div>\n<\/div><\/div><\/main><!-- close content main element --><\/div><\/div><\/div><div id='presentation'  class='avia-section main_color avia-section-default avia-no-shadow  avia-bg-style-scroll  avia-builder-el-2  el_after_av_section  el_before_av_slideshow_accordion   container_wrap sidebar_right' style=' '  ><div class='container' ><div class='template-page content  av-content-small alpha units'><div class='post-entry post-entry-type-page post-entry-1726'><div class='entry-content-wrapper clearfix'>\n<div  style='padding-bottom:10px; color:#eb392f;font-size:32px;' class='av-special-heading av-special-heading-h2 custom-color-heading blockquote modern-quote modern-centered  avia-builder-el-3  el_before_av_textblock  avia-builder-el-first  av-inherit-size '><h2 class='av-special-heading-tag '  itemprop=\"headline\"  >The Fakarava Atoll<\/h2><div class='special-heading-border'><div class='special-heading-inner-border' style='border-color:#eb392f'><\/div><\/div><\/div>\n<section class=\"av_textblock_section \"  itemscope=\"itemscope\" itemtype=\"https:\/\/schema.org\/CreativeWork\" ><div class='avia_textblock  '   itemprop=\"text\" ><p>Fakarava is located 350 km to the North East of Tahiti. It is an immense atoll (the second of the Tuamotu by its surface: 1,121 kms\u00b2) which could practically contain the island of Tahiti in its lagoon. This atoll has 2 passes of which one is more than 1 km wide, making it the biggest pass of Polynesia!<\/p>\n<p>There are 1,326 inhabitants, most of whom live in the village of Rotoava, 4 kms from the airport. Air Tahiti now offers 5 weekly flights from Papeete (flight time: 65 minutes) and direct flights to and from Rangiroa (flight time: 20 minutes). The major attraction of Fakarava is its exceptional location, both close to Tahiti and yet far, far from any urbanism or tourist activity. And above all, it is surrounded by wild atolls of unbelievable beauty, accessible only by boat in a few hours of sailing &#8230; Tetamanu, Kauehi, Toau, Tahanea, Aratika are some of the destinations we offer, offering landscapes Of dream for a perfume of end of the world &#8230;<\/p>\n<p>Apart from these postcard images, it is the scuba diving which represents the greatest interest of this region since it allows throughout the year to approach a very diversified wildlife that make it one of the The world&#8217;s best spots for pelagic encounters.<\/p>\n<p>Tetamanu, located in the south of Fakarava, offers splendid beaches, notably the motu with the pink sands, which will make dream the Robinson which is sleeping in all of us &#8230; Its passage very fishy is accessible to all levels of diving. It has an unprecedented concentration of several hundred sharks, and is the spectacle of surprising events like the spawning of groupers in July.<\/p>\n<p>Located just a few hours away from Fakarava, Kauehi is a wild atoll whose pass, far from the village, offers unique and surprising dives &#8230; To discover absolutely !!! In season, it is not uncommon to meet humpback whales.<\/p>\n<p>Small atoll in the north of Toau turned towards the pearl farm, Aratika has 2 small passes and nice falls with majestic caves. A compulsory detour: the former small village of Paparara &#8230;<\/p>\n<p>Not far from Fakarava Toau, a small circular atoll, has 2 tumultuous passes extreme fish. The dives are exceptional &#8230; For non divers the many excursions to land will be a delight.<\/p>\n<p>Finally, Tahanea, a vast atoll located south of Fakarava, is a night of sailing, wild beauty and totally uninhabited &#8230; Tahanea has 3 passes rich in sharks, mantas and dolphins that will fill the most demanding divers. Non-divers (and divers) will discover an exquisite natural swimming pool.<\/p>\n<\/div><\/section>\n<div  id=\"accordion_slider_1\"  class='aviaccordion aviaccordion-title-active  ' style='max-height:423px' data-av-maxheight='423' data-autoplay='false' data-interval='5'   itemscope=\"itemscope\" itemtype=\"https:\/\/schema.org\/Blog\" ><ul class='aviaccordion-inner'><li class='aviaccordion-slide aviaccordion-slide-1' style='left:0%' data-av-left='0'  itemscope=\"itemscope\" itemtype=\"https:\/\/schema.org\/CreativeWork\" ><a class='aviaccordion-slide-link noHover' href='https:\/\/aquatiki.com\/en\/french-polynesia\/' ><div class='aviaccordion-preview av-accordion-text-center' style='width:50.1%'><div class='aviaccordion-preview-title-pos'><div class='aviaccordion-preview-title-wrap'><div class='aviaccordion-preview-title'><h3 class='aviaccordion-title  '  itemprop=\"headline\"  style='font-size:30px'>French Poynesia<\/h3><div class='aviaccordion-excerpt  av-small-font-size-overwrite av-small-font-size-hidden av-mini-font-size-overwrite av-mini-font-size-hidden'   itemprop=\"text\" ><p>\nLocated at 18,000 kms from France, French Polynesia consists of about 118 islands &#8230;<\/p>\n<\/div><\/div><\/div><\/div><\/div><img decoding=\"async\" width=\"900\" height=\"423\" src=\"https:\/\/aquatiki.com\/wp-content\/uploads\/2016\/02\/Plongee-croisieres-polynesie-francaise-3-900x423.jpg\" class=\"aviaccordion-image\" alt=\"\" \/><\/a><\/li><li class='aviaccordion-slide aviaccordion-slide-2' style='left:50%' data-av-left='50'  itemscope=\"itemscope\" itemtype=\"https:\/\/schema.org\/CreativeWork\" ><a class='aviaccordion-slide-link noHover' href='https:\/\/aquatiki.com\/en\/french-polynesia\/tuamotu-archipelago\/' ><div class='aviaccordion-preview av-accordion-text-center' style='width:50.1%'><div class='aviaccordion-preview-title-pos'><div class='aviaccordion-preview-title-wrap'><div class='aviaccordion-preview-title'><h3 class='aviaccordion-title  '  itemprop=\"headline\"  style='font-size:30px'>The Tuamotu archipelago<\/h3><div class='aviaccordion-excerpt  av-small-font-size-overwrite av-small-font-size-hidden av-mini-font-size-overwrite av-mini-font-size-hidden'   itemprop=\"text\" ><p>\nLocated at some 300 kms in the North East of Tahiti is composed of 76 atolls of which hardly half are inhabited &#8230;<\/p>\n<\/div><\/div><\/div><\/div><\/div><img decoding=\"async\" width=\"900\" height=\"397\" src=\"https:\/\/aquatiki.com\/wp-content\/uploads\/2017\/06\/Archipel-Tuamotu.jpg\" class=\"aviaccordion-image\" alt=\"\" srcset=\"https:\/\/aquatiki.com\/wp-content\/uploads\/2017\/06\/Archipel-Tuamotu.jpg 900w, https:\/\/aquatiki.com\/wp-content\/uploads\/2017\/06\/Archipel-Tuamotu-300x132.jpg 300w, https:\/\/aquatiki.com\/wp-content\/uploads\/2017\/06\/Archipel-Tuamotu-768x339.jpg 768w, https:\/\/aquatiki.com\/wp-content\/uploads\/2017\/06\/Archipel-Tuamotu-705x311.jpg 705w, https:\/\/aquatiki.com\/wp-content\/uploads\/2017\/06\/Archipel-Tuamotu-450x199.jpg 450w\" sizes=\"(max-width: 900px) 100vw, 900px\" \/><\/a><\/li><\/ul><div class='aviaccordion-spacer' style='padding-bottom:34.95867768595%'><\/div><\/div><\/p>\n<div  class='avia-button-wrap avia-button-center  avia-builder-el-6  el_after_av_slideshow_accordion  avia-builder-el-last ' ><a href='https:\/\/aquatiki.com\/en\/contact\/' class='avia-button avia-button-fullwidth   avia-icon_select-yes-left-icon avia-color-theme-color '  style='color:#ffffff; ' ><span class='avia_button_icon avia_button_icon_left' aria-hidden='true' data-av_icon='\ue805' data-av_iconfont='entypo-fontello'><\/span><span class='avia_iconbox_title' >Contact us !<\/span><div class='av-button-description av-button-description-below'><p>For all your questions about cruises and dives in French Polynesia<\/p>\n<\/div><span class='avia_button_background avia-button avia-button-fullwidth avia-color-theme-color' ><\/span><\/a><\/div>\n","protected":false},"excerpt":{"rendered":"","protected":false},"author":2,"featured_media":0,"parent":1714,"menu_order":0,"comment_status":"closed","ping_status":"closed","template":"","meta":{"footnotes":""},"yoast_head":"<!-- This site is optimized with the Yoast SEO plugin v20.2.1 - https:\/\/yoast.com\/wordpress\/plugins\/seo\/ -->\n<title>Croisi\u00e8re en Polyn\u00e9sie Fran\u00e7aise : The Fakarava Atoll<\/title>\n<meta name=\"description\" content=\"Fakarava is located 350 km to the North East of Tahiti. It is an immense atoll (the second one of the Tuamotu by its surface: 1 121 kms\u00b2) which could ...\" \/>\n<meta name=\"robots\" content=\"index, follow, max-snippet:-1, max-image-preview:large, max-video-preview:-1\" \/>\n<link rel=\"canonical\" href=\"https:\/\/aquatiki.com\/en\/french-polynesia\/fakarava-atoll\/\" \/>\n<meta property=\"og:locale\" content=\"en_US\" \/>\n<meta property=\"og:type\" content=\"article\" \/>\n<meta property=\"og:title\" content=\"Croisi\u00e8re en Polyn\u00e9sie Fran\u00e7aise : The Fakarava Atoll\" \/>\n<meta property=\"og:description\" content=\"Fakarava is located 350 km to the North East of Tahiti. It is an immense atoll (the second one of the Tuamotu by its surface: 1 121 kms\u00b2) which could ...\" \/>\n<meta property=\"og:url\" content=\"https:\/\/aquatiki.com\/en\/french-polynesia\/fakarava-atoll\/\" \/>\n<meta property=\"og:site_name\" content=\"Aquapolyn\u00e9sie\" \/>\n<meta property=\"article:modified_time\" content=\"2017-08-17T09:56:23+00:00\" \/>\n<meta name=\"twitter:card\" content=\"summary_large_image\" \/>\n<meta name=\"twitter:label1\" content=\"Est. reading time\" \/>\n\t<meta name=\"twitter:data1\" content=\"5 minutes\" \/>\n<script type=\"application\/ld+json\" class=\"yoast-schema-graph\">{\"@context\":\"https:\/\/schema.org\",\"@graph\":[{\"@type\":\"WebPage\",\"@id\":\"https:\/\/aquatiki.com\/en\/french-polynesia\/fakarava-atoll\/\",\"url\":\"https:\/\/aquatiki.com\/en\/french-polynesia\/fakarava-atoll\/\",\"name\":\"Croisi\u00e8re en Polyn\u00e9sie Fran\u00e7aise : The Fakarava Atoll\",\"isPartOf\":{\"@id\":\"https:\/\/aquatiki.com\/en\/#website\"},\"datePublished\":\"2017-06-12T20:05:39+00:00\",\"dateModified\":\"2017-08-17T09:56:23+00:00\",\"description\":\"Fakarava is located 350 km to the North East of Tahiti. It is an immense atoll (the second one of the Tuamotu by its surface: 1 121 kms\u00b2) which could ...\",\"breadcrumb\":{\"@id\":\"https:\/\/aquatiki.com\/en\/french-polynesia\/fakarava-atoll\/#breadcrumb\"},\"inLanguage\":\"en-US\",\"potentialAction\":[{\"@type\":\"ReadAction\",\"target\":[\"https:\/\/aquatiki.com\/en\/french-polynesia\/fakarava-atoll\/\"]}]},{\"@type\":\"BreadcrumbList\",\"@id\":\"https:\/\/aquatiki.com\/en\/french-polynesia\/fakarava-atoll\/#breadcrumb\",\"itemListElement\":[{\"@type\":\"ListItem\",\"position\":1,\"name\":\"Accueil\",\"item\":\"https:\/\/aquatiki.com\/en\/\"},{\"@type\":\"ListItem\",\"position\":2,\"name\":\"French Polyneisa\",\"item\":\"https:\/\/aquatiki.com\/en\/french-polynesia\/\"},{\"@type\":\"ListItem\",\"position\":3,\"name\":\"The Fakarava Atoll\"}]},{\"@type\":\"WebSite\",\"@id\":\"https:\/\/aquatiki.com\/en\/#website\",\"url\":\"https:\/\/aquatiki.com\/en\/\",\"name\":\"Aquapolyn\u00e9sie\",\"description\":\"\",\"potentialAction\":[{\"@type\":\"SearchAction\",\"target\":{\"@type\":\"EntryPoint\",\"urlTemplate\":\"https:\/\/aquatiki.com\/en\/?s={search_term_string}\"},\"query-input\":\"required name=search_term_string\"}],\"inLanguage\":\"en-US\"}]}<\/script>\n<!-- \/ Yoast SEO plugin. -->","yoast_head_json":{"title":"Croisi\u00e8re en Polyn\u00e9sie Fran\u00e7aise : The Fakarava Atoll","description":"Fakarava is located 350 km to the North East of Tahiti. It is an immense atoll (the second one of the Tuamotu by its surface: 1 121 kms\u00b2) which could ...","robots":{"index":"index","follow":"follow","max-snippet":"max-snippet:-1","max-image-preview":"max-image-preview:large","max-video-preview":"max-video-preview:-1"},"canonical":"https:\/\/aquatiki.com\/en\/french-polynesia\/fakarava-atoll\/","og_locale":"en_US","og_type":"article","og_title":"Croisi\u00e8re en Polyn\u00e9sie Fran\u00e7aise : The Fakarava Atoll","og_description":"Fakarava is located 350 km to the North East of Tahiti. It is an immense atoll (the second one of the Tuamotu by its surface: 1 121 kms\u00b2) which could ...","og_url":"https:\/\/aquatiki.com\/en\/french-polynesia\/fakarava-atoll\/","og_site_name":"Aquapolyn\u00e9sie","article_modified_time":"2017-08-17T09:56:23+00:00","twitter_card":"summary_large_image","twitter_misc":{"Est. reading time":"5 minutes"},"schema":{"@context":"https:\/\/schema.org","@graph":[{"@type":"WebPage","@id":"https:\/\/aquatiki.com\/en\/french-polynesia\/fakarava-atoll\/","url":"https:\/\/aquatiki.com\/en\/french-polynesia\/fakarava-atoll\/","name":"Croisi\u00e8re en Polyn\u00e9sie Fran\u00e7aise : The Fakarava Atoll","isPartOf":{"@id":"https:\/\/aquatiki.com\/en\/#website"},"datePublished":"2017-06-12T20:05:39+00:00","dateModified":"2017-08-17T09:56:23+00:00","description":"Fakarava is located 350 km to the North East of Tahiti. It is an immense atoll (the second one of the Tuamotu by its surface: 1 121 kms\u00b2) which could ...","breadcrumb":{"@id":"https:\/\/aquatiki.com\/en\/french-polynesia\/fakarava-atoll\/#breadcrumb"},"inLanguage":"en-US","potentialAction":[{"@type":"ReadAction","target":["https:\/\/aquatiki.com\/en\/french-polynesia\/fakarava-atoll\/"]}]},{"@type":"BreadcrumbList","@id":"https:\/\/aquatiki.com\/en\/french-polynesia\/fakarava-atoll\/#breadcrumb","itemListElement":[{"@type":"ListItem","position":1,"name":"Accueil","item":"https:\/\/aquatiki.com\/en\/"},{"@type":"ListItem","position":2,"name":"French Polyneisa","item":"https:\/\/aquatiki.com\/en\/french-polynesia\/"},{"@type":"ListItem","position":3,"name":"The Fakarava Atoll"}]},{"@type":"WebSite","@id":"https:\/\/aquatiki.com\/en\/#website","url":"https:\/\/aquatiki.com\/en\/","name":"Aquapolyn\u00e9sie","description":"","potentialAction":[{"@type":"SearchAction","target":{"@type":"EntryPoint","urlTemplate":"https:\/\/aquatiki.com\/en\/?s={search_term_string}"},"query-input":"required name=search_term_string"}],"inLanguage":"en-US"}]}},"_links":{"self":[{"href":"https:\/\/aquatiki.com\/en\/wp-json\/wp\/v2\/pages\/1726"}],"collection":[{"href":"https:\/\/aquatiki.com\/en\/wp-json\/wp\/v2\/pages"}],"about":[{"href":"https:\/\/aquatiki.com\/en\/wp-json\/wp\/v2\/types\/page"}],"author":[{"embeddable":true,"href":"https:\/\/aquatiki.com\/en\/wp-json\/wp\/v2\/users\/2"}],"replies":[{"embeddable":true,"href":"https:\/\/aquatiki.com\/en\/wp-json\/wp\/v2\/comments?post=1726"}],"version-history":[{"count":0,"href":"https:\/\/aquatiki.com\/en\/wp-json\/wp\/v2\/pages\/1726\/revisions"}],"up":[{"embeddable":true,"href":"https:\/\/aquatiki.com\/en\/wp-json\/wp\/v2\/pages\/1714"}],"wp:attachment":[{"href":"https:\/\/aquatiki.com\/en\/wp-json\/wp\/v2\/media?parent=1726"}],"curies":[{"name":"wp","href":"https:\/\/api.w.org\/{rel}","templated":true}]}}