{"id":1736,"date":"2017-06-12T22:42:58","date_gmt":"2017-06-12T20:42:58","guid":{"rendered":"https:\/\/aquatiki.com\/itineraires-de-nos-croisieres-polynesie-francaise\/"},"modified":"2017-08-17T12:16:10","modified_gmt":"2017-08-17T10:16:10","slug":"routes-cruises-french-polynesia","status":"publish","type":"page","link":"https:\/\/aquatiki.com\/en\/routes-cruises-french-polynesia\/","title":{"rendered":"The routes of our cruises in French Polynesia"},"content":{"rendered":"<div id='av_section_1'  class='avia-section main_color avia-section-default avia-no-border-styling  avia-full-stretch av-section-color-overlay-active avia-bg-style-scroll  avia-builder-el-0  el_before_av_section  avia-builder-el-first   av-minimum-height av-minimum-height-custom  container_wrap sidebar_right' style='background-repeat: no-repeat; background-image: url(https:\/\/aquatiki.com\/wp-content\/uploads\/2016\/02\/Plongee-croisieres-polynesie-francaise-2.jpg);background-attachment: scroll; background-position: center center;  '  data-section-bg-repeat='stretch'><div class='av-section-color-overlay-wrap'><div class='av-section-color-overlay' style='opacity: 0.2; background-color: #000000; '><\/div><div class='container' style='height:400px'><main  role=\"main\" itemprop=\"mainContentOfPage\"  class='template-page content  av-content-small alpha units'><div class='post-entry post-entry-type-page post-entry-1736'><div class='entry-content-wrapper clearfix'>\n<div  style='padding-bottom:20px; color:#ffffff;font-size:34px;' class='av-special-heading av-special-heading-h1 custom-color-heading blockquote modern-quote modern-centered  avia-builder-el-1  avia-builder-el-no-sibling  av-inherit-size '><h1 class='av-special-heading-tag '  itemprop=\"headline\"  >The routes of our cruises in French Polynesia<\/h1><div class='special-heading-border'><div class='special-heading-inner-border' style='border-color:#ffffff'><\/div><\/div><\/div>\n<\/div><\/div><\/main><!-- close content main element --><\/div><\/div><\/div><div id='presentation'  class='avia-section main_color avia-section-default avia-no-border-styling  avia-bg-style-scroll  avia-builder-el-2  el_after_av_section  el_before_av_section   container_wrap sidebar_right' style=' '  ><div class='container' ><div class='template-page content  av-content-small alpha units'><div class='post-entry post-entry-type-page post-entry-1736'><div class='entry-content-wrapper clearfix'>\n<div  style='padding-bottom:10px; color:#eb392f;font-size:32px;' class='av-special-heading av-special-heading-h2 custom-color-heading blockquote modern-quote modern-centered  avia-builder-el-3  el_before_av_productgrid  avia-builder-el-first  av-inherit-size '><h2 class='av-special-heading-tag '  itemprop=\"headline\"  >Our famous cruises around Fakarava<\/h2><div class='special-heading-border'><div class='special-heading-inner-border' style='border-color:#eb392f'><\/div><\/div><\/div>\n<div   data-autoplay=''  data-interval='5'  data-animation='fade'  data-hoverpause='1'  class='template-shop avia-content-slider avia-content-grid-active avia-product-slider1 avia-content-slider-odd  avia-builder-el-4  el_after_av_heading  avia-builder-el-last   shop_columns_3' ><div class='avia-content-slider-inner'><ul class=\"products\"><li class=\"product type-product post-1768 status-publish first instock product_cat-cruise-en has-post-thumbnail shipping-taxable purchasable product-type-simple\">\n\t<div class='inner_product main_color wrapped_style noLightbox  av-product-class-minimal-overlay'><div class='thumbnail_container'><img decoding=\"async\" width=\"450\" height=\"450\" src=\"https:\/\/aquatiki.com\/wp-content\/uploads\/2017\/06\/tortue-plongee-polynesie-francaise-450x450.jpg\" class=\"wp-image-1680 avia-img-lazy-loading-1680 attachment-shop_catalog size-shop_catalog wp-post-image\" alt=\"\" srcset=\"https:\/\/aquatiki.com\/wp-content\/uploads\/2017\/06\/tortue-plongee-polynesie-francaise-450x450.jpg 450w, https:\/\/aquatiki.com\/wp-content\/uploads\/2017\/06\/tortue-plongee-polynesie-francaise-150x150.jpg 150w, https:\/\/aquatiki.com\/wp-content\/uploads\/2017\/06\/tortue-plongee-polynesie-francaise-36x36.jpg 36w, https:\/\/aquatiki.com\/wp-content\/uploads\/2017\/06\/tortue-plongee-polynesie-francaise-180x180.jpg 180w, https:\/\/aquatiki.com\/wp-content\/uploads\/2017\/06\/tortue-plongee-polynesie-francaise-120x120.jpg 120w\" sizes=\"(max-width: 450px) 100vw, 450px\" \/><span class='cart-loading'><\/span><\/div><div class='inner_product_header'><div class='avia-arrow'><\/div><div class='inner_product_header_table'><div class='inner_product_header_cell'><\/div><\/div><\/div><\/div><\/li>\n<li class=\"product type-product post-1807 status-publish instock product_cat-cruise-en has-post-thumbnail shipping-taxable purchasable product-type-simple\">\n\t<div class='inner_product main_color wrapped_style noLightbox  av-product-class-minimal-overlay'><div class='thumbnail_container'><img decoding=\"async\" width=\"450\" height=\"450\" src=\"https:\/\/aquatiki.com\/wp-content\/uploads\/2017\/03\/Plongee-croisieres-polynesie-francaise-9-450x450.jpg\" class=\"wp-image-1648 avia-img-lazy-loading-1648 attachment-shop_catalog size-shop_catalog wp-post-image\" alt=\"Aquatiki II  your boat in Franch Polynesia\" srcset=\"https:\/\/aquatiki.com\/wp-content\/uploads\/2017\/03\/Plongee-croisieres-polynesie-francaise-9-450x450.jpg 450w, https:\/\/aquatiki.com\/wp-content\/uploads\/2017\/03\/Plongee-croisieres-polynesie-francaise-9-150x150.jpg 150w, https:\/\/aquatiki.com\/wp-content\/uploads\/2017\/03\/Plongee-croisieres-polynesie-francaise-9-36x36.jpg 36w, https:\/\/aquatiki.com\/wp-content\/uploads\/2017\/03\/Plongee-croisieres-polynesie-francaise-9-180x180.jpg 180w, https:\/\/aquatiki.com\/wp-content\/uploads\/2017\/03\/Plongee-croisieres-polynesie-francaise-9-120x120.jpg 120w\" sizes=\"(max-width: 450px) 100vw, 450px\" \/><span class='cart-loading'><\/span><\/div><div class='inner_product_header'><div class='avia-arrow'><\/div><div class='inner_product_header_table'><div class='inner_product_header_cell'><\/div><\/div><\/div><\/div><\/li>\n<li class=\"product type-product post-1820 status-publish last instock product_cat-cruise-en has-post-thumbnail shipping-taxable purchasable product-type-simple\">\n\t<div class='inner_product main_color wrapped_style noLightbox  av-product-class-minimal-overlay'><div class='thumbnail_container'><img decoding=\"async\" width=\"450\" height=\"450\" src=\"https:\/\/aquatiki.com\/wp-content\/uploads\/2016\/02\/Plongee-croisieres-polynesie-francaise-900-1-450x450.jpg\" class=\"wp-image-1659 avia-img-lazy-loading-1659 attachment-shop_catalog size-shop_catalog wp-post-image\" alt=\"\" srcset=\"https:\/\/aquatiki.com\/wp-content\/uploads\/2016\/02\/Plongee-croisieres-polynesie-francaise-900-1-450x450.jpg 450w, https:\/\/aquatiki.com\/wp-content\/uploads\/2016\/02\/Plongee-croisieres-polynesie-francaise-900-1-300x300.jpg 300w\" sizes=\"(max-width: 450px) 100vw, 450px\" \/><span class='cart-loading'><\/span><\/div><div class='inner_product_header'><div class='avia-arrow'><\/div><div class='inner_product_header_table'><div class='inner_product_header_cell'><\/div><\/div><\/div><\/div><\/li>\n<\/ul><\/div><\/div><div class=\"clear\"><\/div>\n<div id='presentation'  class='avia-section main_color avia-section-default avia-no-border-styling  avia-bg-style-scroll  avia-builder-el-0  el_before_av_section  avia-builder-el-first   container_wrap sidebar_right' style='background-color: #e2e2e2;  '  ><div class='container' ><main  role=\"main\" itemprop=\"mainContentOfPage\"  class='template-page content  av-content-small alpha units'><div class='post-entry post-entry-type-page post-entry-1736'><div class='entry-content-wrapper clearfix'>\n<div  style='padding-bottom:10px; color:#eb392f;font-size:32px;' class='av-special-heading av-special-heading-h2 custom-color-heading blockquote modern-quote modern-centered  avia-builder-el-1  el_before_av_hr  avia-builder-el-first  av-inherit-size '><h2 class='av-special-heading-tag '  itemprop=\"headline\"  >Our other tours<\/h2><div class='special-heading-border'><div class='special-heading-inner-border' style='border-color:#eb392f'><\/div><\/div><\/div>\n<div  style='height:30px' class='hr hr-invisible   avia-builder-el-2  el_after_av_heading  el_before_av_button '><span class='hr-inner ' ><span class='hr-inner-style'><\/span><\/span><\/div>\n<div class=\"flex_column av_one_fifth  flex_column_div av-zero-column-padding first  \" style='border-radius:0px; '><\/div><div class=\"flex_column av_one_fifth  flex_column_div av-zero-column-padding   \" style='border-radius:0px; '><div  class='avia-icon-list-container  '><ul class='avia-icon-list avia-icon-list-left av-iconlist-small avia_animate_when_almost_visible avia-iconlist-animate'>\n<li><div  style='color:#eb392f; ' class='iconlist_icon  avia-font-entypo-fontello'><span class='iconlist-char ' aria-hidden='true' data-av_icon='\ue812' data-av_iconfont='entypo-fontello'><\/span><\/div><article class=\"article-icon-entry av-iconlist-empty\"  itemscope=\"itemscope\" itemtype=\"https:\/\/schema.org\/CreativeWork\" ><div class='iconlist_content_wrap'><header class=\"entry-content-header\"><div class='av_iconlist_title iconlist_title_small   '  itemprop=\"headline\"  >Short Cruise<\/div><\/header><div class='iconlist_content  '  itemprop=\"text\"  ><\/div><\/div><footer class=\"entry-footer\"><\/footer><\/article><div class='iconlist-timeline'><\/div><\/li>\n<li><div  style='color:#eb392f; ' class='iconlist_icon  avia-font-entypo-fontello'><span class='iconlist-char ' aria-hidden='true' data-av_icon='\ue812' data-av_iconfont='entypo-fontello'><\/span><\/div><article class=\"article-icon-entry av-iconlist-empty\"  itemscope=\"itemscope\" itemtype=\"https:\/\/schema.org\/CreativeWork\" ><div class='iconlist_content_wrap'><header class=\"entry-content-header\"><div class='av_iconlist_title iconlist_title_small   '  itemprop=\"headline\"  >Long Cruise<\/div><\/header><div class='iconlist_content  '  itemprop=\"text\"  ><\/div><\/div><footer class=\"entry-footer\"><\/footer><\/article><div class='iconlist-timeline'><\/div><\/li>\n<li><div  style='color:#eb392f; ' class='iconlist_icon  avia-font-entypo-fontello'><span class='iconlist-char ' aria-hidden='true' data-av_icon='\ue812' data-av_iconfont='entypo-fontello'><\/span><\/div><article class=\"article-icon-entry av-iconlist-empty\"  itemscope=\"itemscope\" itemtype=\"https:\/\/schema.org\/CreativeWork\" ><div class='iconlist_content_wrap'><header class=\"entry-content-header\"><div class='av_iconlist_title iconlist_title_small   '  itemprop=\"headline\"  >VIP Cruises<\/div><\/header><div class='iconlist_content  '  itemprop=\"text\"  ><\/div><\/div><footer class=\"entry-footer\"><\/footer><\/article><div class='iconlist-timeline'><\/div><\/li>\n<\/ul><\/div><\/div><div class=\"flex_column av_one_fifth  flex_column_div av-zero-column-padding   \" style='border-radius:0px; '><div  class='avia-icon-list-container  '><ul class='avia-icon-list avia-icon-list-left av-iconlist-small avia_animate_when_almost_visible avia-iconlist-animate'>\n<li><div  style='color:#eb392f; ' class='iconlist_icon  avia-font-entypo-fontello'><span class='iconlist-char ' aria-hidden='true' data-av_icon='\ue812' data-av_iconfont='entypo-fontello'><\/span><\/div><article class=\"article-icon-entry av-iconlist-empty\"  itemscope=\"itemscope\" itemtype=\"https:\/\/schema.org\/CreativeWork\" ><div class='iconlist_content_wrap'><header class=\"entry-content-header\"><div class='av_iconlist_title iconlist_title_small   '  itemprop=\"headline\"  >Central Tuamotu Cruise<\/div><\/header><div class='iconlist_content  '  itemprop=\"text\"  ><\/div><\/div><footer class=\"entry-footer\"><\/footer><\/article><div class='iconlist-timeline'><\/div><\/li>\n<li><div  style='color:#eb392f; ' class='iconlist_icon  avia-font-entypo-fontello'><span class='iconlist-char ' aria-hidden='true' data-av_icon='\ue812' data-av_iconfont='entypo-fontello'><\/span><\/div><article class=\"article-icon-entry av-iconlist-empty\"  itemscope=\"itemscope\" itemtype=\"https:\/\/schema.org\/CreativeWork\" ><div class='iconlist_content_wrap'><header class=\"entry-content-header\"><div class='av_iconlist_title iconlist_title_small   '  itemprop=\"headline\"  >Marquesas Cruise<\/div><\/header><div class='iconlist_content  '  itemprop=\"text\"  ><\/div><\/div><footer class=\"entry-footer\"><\/footer><\/article><div class='iconlist-timeline'><\/div><\/li>\n<li><div  style='color:#eb392f; ' class='iconlist_icon  avia-font-entypo-fontello'><span class='iconlist-char ' aria-hidden='true' data-av_icon='\ue812' data-av_iconfont='entypo-fontello'><\/span><\/div><article class=\"article-icon-entry av-iconlist-empty\"  itemscope=\"itemscope\" itemtype=\"https:\/\/schema.org\/CreativeWork\" ><div class='iconlist_content_wrap'><header class=\"entry-content-header\"><div class='av_iconlist_title iconlist_title_small   '  itemprop=\"headline\"  >Non-diving Cruise<\/div><\/header><div class='iconlist_content  '  itemprop=\"text\"  ><\/div><\/div><footer class=\"entry-footer\"><\/footer><\/article><div class='iconlist-timeline'><\/div><\/li>\n<\/ul><\/div><\/div><div class=\"flex_column av_one_fifth  flex_column_div av-zero-column-padding   \" style='border-radius:0px; '><div  class='avia-icon-list-container  '><ul class='avia-icon-list avia-icon-list-left av-iconlist-small avia_animate_when_almost_visible avia-iconlist-animate'>\n<li><div  style='color:#eb392f; ' class='iconlist_icon  avia-font-entypo-fontello'><span class='iconlist-char ' aria-hidden='true' data-av_icon='\ue812' data-av_iconfont='entypo-fontello'><\/span><\/div><article class=\"article-icon-entry av-iconlist-empty\"  itemscope=\"itemscope\" itemtype=\"https:\/\/schema.org\/CreativeWork\" ><div class='iconlist_content_wrap'><header class=\"entry-content-header\"><div class='av_iconlist_title iconlist_title_small   '  itemprop=\"headline\"  >Grouper Breeding Cruise<\/div><\/header><div class='iconlist_content  '  itemprop=\"text\"  ><\/div><\/div><footer class=\"entry-footer\"><\/footer><\/article><div class='iconlist-timeline'><\/div><\/li>\n<li><div  style='color:#eb392f; ' class='iconlist_icon  avia-font-entypo-fontello'><span class='iconlist-char ' aria-hidden='true' data-av_icon='\ue812' data-av_iconfont='entypo-fontello'><\/span><\/div><article class=\"article-icon-entry av-iconlist-empty\"  itemscope=\"itemscope\" itemtype=\"https:\/\/schema.org\/CreativeWork\" ><div class='iconlist_content_wrap'><header class=\"entry-content-header\"><div class='av_iconlist_title iconlist_title_small   '  itemprop=\"headline\"  >Cruise \"shooting\"<\/div><\/header><div class='iconlist_content  '  itemprop=\"text\"  ><\/div><\/div><footer class=\"entry-footer\"><\/footer><\/article><div class='iconlist-timeline'><\/div><\/li>\n<li><div  style='color:#eb392f; ' class='iconlist_icon  avia-font-entypo-fontello'><span class='iconlist-char ' aria-hidden='true' data-av_icon='\ue812' data-av_iconfont='entypo-fontello'><\/span><\/div><article class=\"article-icon-entry av-iconlist-empty\"  itemscope=\"itemscope\" itemtype=\"https:\/\/schema.org\/CreativeWork\" ><div class='iconlist_content_wrap'><header class=\"entry-content-header\"><div class='av_iconlist_title iconlist_title_small   '  itemprop=\"headline\"  >Leeward Islands Cruises<\/div><\/header><div class='iconlist_content  '  itemprop=\"text\"  ><\/div><\/div><footer class=\"entry-footer\"><\/footer><\/article><div class='iconlist-timeline'><\/div><\/li>\n<\/ul><\/div><\/div><div class=\"flex_column av_one_fifth  flex_column_div av-zero-column-padding   \" style='border-radius:0px; '><\/div><div  class='avia-button-wrap avia-button-center ' ><a href='https:\/\/aquatiki.com\/en\/contact\/' class='avia-button avia-button-fullwidth   avia-icon_select-yes-left-icon avia-color-theme-color '  style='color:#ffffff; ' ><span class='avia_button_icon avia_button_icon_left' aria-hidden='true' data-av_icon='\ue805' data-av_iconfont='entypo-fontello'><\/span><span class='avia_iconbox_title' >Contact us !<\/span><div class='av-button-description av-button-description-below'><p>For all your questions about cruises and dives in French Polynesia<\/p>\n<\/div><span class='avia_button_background avia-button avia-button-fullwidth avia-color-theme-color' ><\/span><\/a><\/div><\/p>\n","protected":false},"excerpt":{"rendered":"","protected":false},"author":2,"featured_media":0,"parent":0,"menu_order":0,"comment_status":"closed","ping_status":"closed","template":"","meta":{"footnotes":""},"yoast_head":"<!-- This site is optimized with the Yoast SEO plugin v20.2.1 - https:\/\/yoast.com\/wordpress\/plugins\/seo\/ -->\n<title>The routes of our cruises in French Polynesia<\/title>\n<meta name=\"description\" content=\"D\u00e9couvrez nos itin\u00e9raires de croisi\u00e8re en Polyn\u00e9sie Fran\u00e7aise : croisi\u00e8re Tuamotu, croisi\u00e8re Marquises, croisi\u00e8re reproduction des m\u00e9rous, croisi\u00e8re VIP...\" \/>\n<meta name=\"robots\" content=\"index, follow, max-snippet:-1, max-image-preview:large, max-video-preview:-1\" \/>\n<link rel=\"canonical\" href=\"https:\/\/aquatiki.com\/en\/routes-cruises-french-polynesia\/\" \/>\n<meta property=\"og:locale\" content=\"en_US\" \/>\n<meta property=\"og:type\" content=\"article\" \/>\n<meta property=\"og:title\" content=\"The routes of our cruises in French Polynesia\" \/>\n<meta property=\"og:description\" content=\"D\u00e9couvrez nos itin\u00e9raires de croisi\u00e8re en Polyn\u00e9sie Fran\u00e7aise : croisi\u00e8re Tuamotu, croisi\u00e8re Marquises, croisi\u00e8re reproduction des m\u00e9rous, croisi\u00e8re VIP...\" \/>\n<meta property=\"og:url\" content=\"https:\/\/aquatiki.com\/en\/routes-cruises-french-polynesia\/\" \/>\n<meta property=\"og:site_name\" content=\"Aquapolyn\u00e9sie\" \/>\n<meta property=\"article:modified_time\" content=\"2017-08-17T10:16:10+00:00\" \/>\n<meta name=\"twitter:card\" content=\"summary_large_image\" \/>\n<meta name=\"twitter:label1\" content=\"Est. reading time\" \/>\n\t<meta name=\"twitter:data1\" content=\"6 minutes\" \/>\n<script type=\"application\/ld+json\" class=\"yoast-schema-graph\">{\"@context\":\"https:\/\/schema.org\",\"@graph\":[{\"@type\":\"WebPage\",\"@id\":\"https:\/\/aquatiki.com\/en\/routes-cruises-french-polynesia\/\",\"url\":\"https:\/\/aquatiki.com\/en\/routes-cruises-french-polynesia\/\",\"name\":\"The routes of our cruises in French Polynesia\",\"isPartOf\":{\"@id\":\"https:\/\/aquatiki.com\/en\/#website\"},\"datePublished\":\"2017-06-12T20:42:58+00:00\",\"dateModified\":\"2017-08-17T10:16:10+00:00\",\"description\":\"D\u00e9couvrez nos itin\u00e9raires de croisi\u00e8re en Polyn\u00e9sie Fran\u00e7aise : croisi\u00e8re Tuamotu, croisi\u00e8re Marquises, croisi\u00e8re reproduction des m\u00e9rous, croisi\u00e8re VIP...\",\"breadcrumb\":{\"@id\":\"https:\/\/aquatiki.com\/en\/routes-cruises-french-polynesia\/#breadcrumb\"},\"inLanguage\":\"en-US\",\"potentialAction\":[{\"@type\":\"ReadAction\",\"target\":[\"https:\/\/aquatiki.com\/en\/routes-cruises-french-polynesia\/\"]}]},{\"@type\":\"BreadcrumbList\",\"@id\":\"https:\/\/aquatiki.com\/en\/routes-cruises-french-polynesia\/#breadcrumb\",\"itemListElement\":[{\"@type\":\"ListItem\",\"position\":1,\"name\":\"Accueil\",\"item\":\"https:\/\/aquatiki.com\/en\/\"},{\"@type\":\"ListItem\",\"position\":2,\"name\":\"The routes of our cruises in French Polynesia\"}]},{\"@type\":\"WebSite\",\"@id\":\"https:\/\/aquatiki.com\/en\/#website\",\"url\":\"https:\/\/aquatiki.com\/en\/\",\"name\":\"Aquapolyn\u00e9sie\",\"description\":\"\",\"potentialAction\":[{\"@type\":\"SearchAction\",\"target\":{\"@type\":\"EntryPoint\",\"urlTemplate\":\"https:\/\/aquatiki.com\/en\/?s={search_term_string}\"},\"query-input\":\"required name=search_term_string\"}],\"inLanguage\":\"en-US\"}]}<\/script>\n<!-- \/ Yoast SEO plugin. -->","yoast_head_json":{"title":"The routes of our cruises in French Polynesia","description":"D\u00e9couvrez nos itin\u00e9raires de croisi\u00e8re en Polyn\u00e9sie Fran\u00e7aise : croisi\u00e8re Tuamotu, croisi\u00e8re Marquises, croisi\u00e8re reproduction des m\u00e9rous, croisi\u00e8re VIP...","robots":{"index":"index","follow":"follow","max-snippet":"max-snippet:-1","max-image-preview":"max-image-preview:large","max-video-preview":"max-video-preview:-1"},"canonical":"https:\/\/aquatiki.com\/en\/routes-cruises-french-polynesia\/","og_locale":"en_US","og_type":"article","og_title":"The routes of our cruises in French Polynesia","og_description":"D\u00e9couvrez nos itin\u00e9raires de croisi\u00e8re en Polyn\u00e9sie Fran\u00e7aise : croisi\u00e8re Tuamotu, croisi\u00e8re Marquises, croisi\u00e8re reproduction des m\u00e9rous, croisi\u00e8re VIP...","og_url":"https:\/\/aquatiki.com\/en\/routes-cruises-french-polynesia\/","og_site_name":"Aquapolyn\u00e9sie","article_modified_time":"2017-08-17T10:16:10+00:00","twitter_card":"summary_large_image","twitter_misc":{"Est. reading time":"6 minutes"},"schema":{"@context":"https:\/\/schema.org","@graph":[{"@type":"WebPage","@id":"https:\/\/aquatiki.com\/en\/routes-cruises-french-polynesia\/","url":"https:\/\/aquatiki.com\/en\/routes-cruises-french-polynesia\/","name":"The routes of our cruises in French Polynesia","isPartOf":{"@id":"https:\/\/aquatiki.com\/en\/#website"},"datePublished":"2017-06-12T20:42:58+00:00","dateModified":"2017-08-17T10:16:10+00:00","description":"D\u00e9couvrez nos itin\u00e9raires de croisi\u00e8re en Polyn\u00e9sie Fran\u00e7aise : croisi\u00e8re Tuamotu, croisi\u00e8re Marquises, croisi\u00e8re reproduction des m\u00e9rous, croisi\u00e8re VIP...","breadcrumb":{"@id":"https:\/\/aquatiki.com\/en\/routes-cruises-french-polynesia\/#breadcrumb"},"inLanguage":"en-US","potentialAction":[{"@type":"ReadAction","target":["https:\/\/aquatiki.com\/en\/routes-cruises-french-polynesia\/"]}]},{"@type":"BreadcrumbList","@id":"https:\/\/aquatiki.com\/en\/routes-cruises-french-polynesia\/#breadcrumb","itemListElement":[{"@type":"ListItem","position":1,"name":"Accueil","item":"https:\/\/aquatiki.com\/en\/"},{"@type":"ListItem","position":2,"name":"The routes of our cruises in French Polynesia"}]},{"@type":"WebSite","@id":"https:\/\/aquatiki.com\/en\/#website","url":"https:\/\/aquatiki.com\/en\/","name":"Aquapolyn\u00e9sie","description":"","potentialAction":[{"@type":"SearchAction","target":{"@type":"EntryPoint","urlTemplate":"https:\/\/aquatiki.com\/en\/?s={search_term_string}"},"query-input":"required name=search_term_string"}],"inLanguage":"en-US"}]}},"_links":{"self":[{"href":"https:\/\/aquatiki.com\/en\/wp-json\/wp\/v2\/pages\/1736"}],"collection":[{"href":"https:\/\/aquatiki.com\/en\/wp-json\/wp\/v2\/pages"}],"about":[{"href":"https:\/\/aquatiki.com\/en\/wp-json\/wp\/v2\/types\/page"}],"author":[{"embeddable":true,"href":"https:\/\/aquatiki.com\/en\/wp-json\/wp\/v2\/users\/2"}],"replies":[{"embeddable":true,"href":"https:\/\/aquatiki.com\/en\/wp-json\/wp\/v2\/comments?post=1736"}],"version-history":[{"count":0,"href":"https:\/\/aquatiki.com\/en\/wp-json\/wp\/v2\/pages\/1736\/revisions"}],"wp:attachment":[{"href":"https:\/\/aquatiki.com\/en\/wp-json\/wp\/v2\/media?parent=1736"}],"curies":[{"name":"wp","href":"https:\/\/api.w.org\/{rel}","templated":true}]}}